{"id":67,"date":"2022-03-14T15:51:52","date_gmt":"2022-03-14T14:51:52","guid":{"rendered":"https:\/\/wjabloniowymsadzie.pl\/?page_id=67"},"modified":"2023-09-05T21:20:29","modified_gmt":"2023-09-05T19:20:29","slug":"kontakt","status":"publish","type":"page","link":"https:\/\/wjabloniowymsadzie.pl\/index.php\/kontakt\/","title":{"rendered":"Kontakt"},"content":{"rendered":"\n<div class=\"wp-block-ive-google-map alignnone ive_google_map_410ed0-64\">\n<div id=\"overlay\" style=\"cursor: pointer;\">&nbsp;<\/div>\n<div id=\"ive-google-map-1c410ed0-6474-407d-9455-7c8d3faf6849\" class=\"ive-google-map__wrap\"><iframe class=\"ive-google-map__iframe\" style=\"height: 300px; width: 100%; opacity: 1;\" src=\"https:\/\/www.google.com\/maps\/embed?pb=!1m18!1m12!1m3!1d2324.6361457972653!2d16.42842377679438!3d54.36341037260161!2m3!1f0!2f0!3f0!3m2!1i1024!2i768!4f13.1!3m3!1m2!1s0x4701d62172b5c8d5%3A0x687567ffc8e2f272!2sW%20JAB%C5%81ONIOWYM%20SADZIE!5e0!3m2!1spl!2spl!4v1693940836728!5m2!1spl!2spl\"><\/iframe><\/div>\n<\/div>\n\n\n\n<div class=\"wp-block-columns is-layout-flex wp-container-core-columns-is-layout-9d6595d7 wp-block-columns-is-layout-flex\">\n<div class=\"wp-block-column is-layout-flow wp-block-column-is-layout-flow\" style=\"flex-basis:100%\">\n<div class=\"wp-block-columns is-layout-flex wp-container-core-columns-is-layout-9d6595d7 wp-block-columns-is-layout-flex\">\n<div class=\"wp-block-column is-layout-flow wp-block-column-is-layout-flow\"><\/div>\n<\/div>\n\n\n\n<div class=\"wp-block-columns is-layout-flex wp-container-core-columns-is-layout-9d6595d7 wp-block-columns-is-layout-flex\">\n<div class=\"wp-block-column is-layout-flow wp-block-column-is-layout-flow\">\n<p>Agroturystyka &#8222;W Jab\u0142oniowym Sadzie&#8221;<\/p>\n\n\n\n<p>Je\u017cyce 46<\/p>\n\n\n\n<p>76-150 Dar\u0142owo<\/p>\n<\/div>\n\n\n\n<div class=\"wp-block-column is-layout-flow wp-block-column-is-layout-flow\">\n<p class=\"has-text-align-right\">Joanna +48 790 237 218<\/p>\n\n\n\n<p class=\"has-text-align-right\">Arkadiusz   +48 505 175 611<\/p>\n\n\n\n<p class=\"has-text-align-right\"><\/p>\n<\/div>\n<\/div>\n<\/div>\n<\/div>\n\n\n\n<p><\/p>\n\n\n\n<p><\/p>\n","protected":false},"excerpt":{"rendered":"<p>&nbsp; Agroturystyka &#8222;W Jab\u0142oniowym Sadzie&#8221; Je\u017cyce 46 76-150 Dar\u0142owo Joanna +48 790 237 218 Arkadiusz +48 505 175 611<\/p>\n","protected":false},"author":1,"featured_media":0,"parent":0,"menu_order":0,"comment_status":"closed","ping_status":"closed","template":"","meta":{"_regular_price":[],"currency_symbol":[],"ngg_post_thumbnail":0,"pgc_sgb_lightbox_settings":"","footnotes":""},"class_list":["post-67","page","type-page","status-publish","hentry"],"post_slider_layout_featured_media_urls":{"thumbnail":"","post_slider_layout_landscape_large":"","post_slider_layout_portrait_large":"","post_slider_layout_square_large":"","post_slider_layout_landscape":"","post_slider_layout_portrait":"","post_slider_layout_square":"","full":""},"_links":{"self":[{"href":"https:\/\/wjabloniowymsadzie.pl\/index.php\/wp-json\/wp\/v2\/pages\/67","targetHints":{"allow":["GET"]}}],"collection":[{"href":"https:\/\/wjabloniowymsadzie.pl\/index.php\/wp-json\/wp\/v2\/pages"}],"about":[{"href":"https:\/\/wjabloniowymsadzie.pl\/index.php\/wp-json\/wp\/v2\/types\/page"}],"author":[{"embeddable":true,"href":"https:\/\/wjabloniowymsadzie.pl\/index.php\/wp-json\/wp\/v2\/users\/1"}],"replies":[{"embeddable":true,"href":"https:\/\/wjabloniowymsadzie.pl\/index.php\/wp-json\/wp\/v2\/comments?post=67"}],"version-history":[{"count":17,"href":"https:\/\/wjabloniowymsadzie.pl\/index.php\/wp-json\/wp\/v2\/pages\/67\/revisions"}],"predecessor-version":[{"id":470,"href":"https:\/\/wjabloniowymsadzie.pl\/index.php\/wp-json\/wp\/v2\/pages\/67\/revisions\/470"}],"wp:attachment":[{"href":"https:\/\/wjabloniowymsadzie.pl\/index.php\/wp-json\/wp\/v2\/media?parent=67"}],"curies":[{"name":"wp","href":"https:\/\/api.w.org\/{rel}","templated":true}]}}